{"id":131,"date":"2025-10-22T02:55:19","date_gmt":"2025-10-22T02:55:19","guid":{"rendered":"https:\/\/sirticavn.kanbox.vn\/?page_id=131"},"modified":"2025-11-24T23:28:57","modified_gmt":"2025-11-24T23:28:57","slug":"lien-he","status":"publish","type":"page","link":"https:\/\/sirtica.com.vn\/vi\/lien-he\/","title":{"rendered":"Li\u00ean h\u1ec7"},"content":{"rendered":"\n\t<section class=\"section\" id=\"section_1308724903\">\n\t\t<div class=\"section-bg fill\" >\n\t\t\t<img loading=\"lazy\" decoding=\"async\" width=\"1919\" height=\"300\" src=\"https:\/\/sirtica.com.vn\/wp-content\/uploads\/2025\/10\/breadcrumb.jpg\" class=\"bg attachment-original size-original\" alt=\"\" \/>\t\t\t\t\t\t\n\t\t\t\n\n\t\t<\/div>\n\n\t\t\n\n\t\t<div class=\"section-content relative\">\n\t\t\t\n<div class=\"row\"  id=\"row-1962172825\">\n\n\t<div id=\"col-298004651\" class=\"col pb-0 medium-6 small-12 large-6\"  >\n\t\t\t\t<div class=\"col-inner\"  >\n\t\t\t\n\t\t\t\n\t<div id=\"text-415643698\" class=\"text\">\n\t\t\n<h2>Contacts<\/h2>\n\t\t\n<style>\n#text-415643698 {\n  color: rgb(255,255,255);\n}\n#text-415643698 > * {\n  color: rgb(255,255,255);\n}\n<\/style>\n\t<\/div>\n\t\n\t\t<div class=\"transpi__bacrumb-inner\">\n\t\t\t\t\n<ul>\n<li><a href=\"https:\/\/sirticavn.kanbox.vn\/\">Home &nbsp;<\/a><\/li>\n<li>Contacts<\/li>\n<\/ul>\n\t\t<\/div>\n\t\n\t\t<\/div>\n\t\t\t\t\t<\/div>\n\n\t\n<\/div>\n\t\t<\/div>\n\n\t\t\n<style>\n#section_1308724903 {\n  padding-top: 50px;\n  padding-bottom: 50px;\n}\n@media (min-width:550px) {\n  #section_1308724903 {\n    padding-top: 100px;\n    padding-bottom: 100px;\n  }\n}\n<\/style>\n\t<\/section>\n\t\n\n\t<section class=\"section\" id=\"section_1825191594\">\n\t\t<div class=\"section-bg fill\" >\n\t\t\t\t\t\t\t\t\t\n\t\t\t\n\n\t\t<\/div>\n\n\t\t\n\n\t\t<div class=\"section-content relative\">\n\t\t\t\n<div class=\"row\"  id=\"row-241742611\">\n\n\t<div id=\"col-1145738318\" class=\"col medium-5 small-12 large-5\"  >\n\t\t\t\t<div class=\"col-inner\"  >\n\t\t\t\n\t\t\t\n\t<div class=\"img has-hover x md-x lg-x y md-y lg-y\" id=\"image_596733730\">\n\t\t\t\t\t\t\t\t<div class=\"img-inner dark\" >\n\t\t\t<img loading=\"lazy\" decoding=\"async\" width=\"458\" height=\"490\" src=\"https:\/\/sirtica.com.vn\/wp-content\/uploads\/2025\/10\/unsplash_9cCeS9Sg6nU.jpg\" class=\"attachment-original size-original\" alt=\"\" srcset=\"https:\/\/sirtica.com.vn\/wp-content\/uploads\/2025\/10\/unsplash_9cCeS9Sg6nU.jpg 458w, https:\/\/sirtica.com.vn\/wp-content\/uploads\/2025\/10\/unsplash_9cCeS9Sg6nU-280x300.jpg 280w\" sizes=\"auto, (max-width: 458px) 100vw, 458px\" \/>\t\t\t\t\t\t\n\t\t\t\t\t<\/div>\n\t\t\t\t\t\t\t\t\n<style>\n#image_596733730 {\n  width: 91%;\n}\n<\/style>\n\t<\/div>\n\t\n\t<div id=\"gap-1259033145\" class=\"gap-element clearfix\" style=\"display:block; height:auto;\">\n\t\t\n<style>\n#gap-1259033145 {\n  padding-top: 30px;\n}\n<\/style>\n\t<\/div>\n\t\n\t<div id=\"text-1171690252\" class=\"text pb-0 mb-0\">\n\t\t\n<p style=\"margin-bottom:20px\" class=\"elementor-heading-title elementor-size-default\">Th\u00f4ng tin li\u00ean h\u1ec7<\/p>\n<p style=\"margin-bottom: 0px;\">\n\t\t\n<style>\n#text-1171690252 {\n  font-size: 1.25rem;\n}\n@media (min-width:550px) {\n  #text-1171690252 {\n    font-size: 1.45rem;\n  }\n}\n<\/style>\n\t<\/div>\n\t\n<a class=\"button primary is-link is-small\" >\n  <i class=\"icon-envelop\" aria-hidden=\"true\"><\/i>  <span>ops@sirtica.com.vn<\/span>\n  <\/a>\n\n<a class=\"button primary is-link\" style=\"padding:0px 15px 0px 0px;\">\n  <i class=\"icon-phone\" aria-hidden=\"true\"><\/i>  <span>+84-937113363<\/span>\n  <\/a>\n\n<div class=\"social-icons follow-icons\" style=\"font-size:103%\"><a href=\"#\" target=\"_blank\" data-label=\"Facebook\" class=\"icon button circle is-outline tooltip facebook\" title=\"Follow on Facebook\" aria-label=\"Follow on Facebook\" rel=\"noopener nofollow\"><i class=\"icon-facebook\" aria-hidden=\"true\"><\/i><\/a><a href=\"#\" data-label=\"LinkedIn\" target=\"_blank\" class=\"icon button circle is-outline tooltip linkedin\" title=\"Follow on LinkedIn\" aria-label=\"Follow on LinkedIn\" rel=\"noopener nofollow\"><i class=\"icon-linkedin\" aria-hidden=\"true\"><\/i><\/a><\/div>\n\t<div id=\"gap-1739711955\" class=\"gap-element clearfix\" style=\"display:block; height:auto;\">\n\t\t\n<style>\n#gap-1739711955 {\n  padding-top: 30px;\n}\n<\/style>\n\t<\/div>\n\t\n\t<div id=\"text-4210190167\" class=\"text pb-0 mb-0\">\n\t\t\n<p class=\"elementor-heading-title elementor-size-default\">\u0110\u1ecba ch\u1ec9<\/p>\n\t\t\n<style>\n#text-4210190167 {\n  font-size: 1.25rem;\n}\n@media (min-width:550px) {\n  #text-4210190167 {\n    font-size: 1.45rem;\n  }\n}\n<\/style>\n\t<\/div>\n\t\n<a class=\"button primary is-link is-small\" >\n  <i class=\"icon-map-pin-fill\" aria-hidden=\"true\"><\/i>  <span>24\/38 Nguyen Van Cu Street, Cau Ong Lanh Ward, Ho Chi Minh City, Vietnam<\/span>\n  <\/a>\n\n\t\t<\/div>\n\t\t\t\t\t<\/div>\n\n\t\n\n\t<div id=\"col-2015088710\" class=\"col medium-7 small-12 large-7\"  >\n\t\t\t\t<div class=\"col-inner\" style=\"background-color:rgb(2, 14, 40);\" >\n\t\t\t\n\t\t\t\n\t<div id=\"text-2095653884\" class=\"text\">\n\t\t\n<h5 class=\"uppercase\">Li\u00ean h\u1ec7 ch\u00fang t\u00f4i<\/h5>\n\t\t\n<style>\n#text-2095653884 {\n  font-size: 0.95rem;\n  color: #0b9444;\n}\n#text-2095653884 > * {\n  color: #0b9444;\n}\n<\/style>\n\t<\/div>\n\t\n\t<div id=\"text-1931852446\" class=\"text\">\n\t\t\n<h2 class=\"elementor-heading-title elementor-size-default\"><strong>Get A Quote<\/strong><\/h2>\n\t\t\n<style>\n#text-1931852446 {\n  font-size: 1.4rem;\n  color: rgb(255,255,255);\n}\n#text-1931852446 > * {\n  color: rgb(255,255,255);\n}\n@media (min-width:550px) {\n  #text-1931852446 {\n    font-size: 1.6rem;\n  }\n}\n<\/style>\n\t<\/div>\n\t\n\t<div id=\"text-2651650545\" class=\"text\">\n\t\t\n<p>Ch\u00fang t\u00f4i r\u1ea5t mong nh\u1eadn \u0111\u01b0\u1ee3c ph\u1ea3n h\u1ed3i t\u1eeb b\u1ea1n v\u00e0 th\u1ea3o lu\u1eadn th\u00eam v\u1ec1 b\u1ea5t k\u1ef3 v\u1ea5n \u0111\u1ec1 n\u00e0o li\u00ean quan \u0111\u1ebfn d\u1ef1 \u00e1n. H\u00e3y li\u00ean h\u1ec7 v\u1edbi ch\u00fang t\u00f4i n\u1ebfu b\u1ea1n c\u00f3 b\u1ea5t k\u1ef3 th\u1eafc m\u1eafc n\u00e0o v\u00e0 ch\u00fang t\u00f4i s\u1ebd s\u1edbm ph\u1ea3n h\u1ed3i.<\/p>\n\t\t\n<style>\n#text-2651650545 {\n  font-size: 0.95rem;\n  line-height: 1.7;\n  color: rgb(255,255,255);\n}\n#text-2651650545 > * {\n  color: rgb(255,255,255);\n}\n@media (min-width:550px) {\n  #text-2651650545 {\n    font-size: 1.3rem;\n  }\n}\n<\/style>\n\t<\/div>\n\t\n\n<div class=\"wpcf7 no-js\" id=\"wpcf7-f8-o1\" lang=\"vi\" dir=\"ltr\" data-wpcf7-id=\"8\">\n<div class=\"screen-reader-response\"><p role=\"status\" aria-live=\"polite\" aria-atomic=\"true\"><\/p> <ul><\/ul><\/div>\n<form action=\"\/vi\/wp-json\/wp\/v2\/pages\/131#wpcf7-f8-o1\" method=\"post\" class=\"wpcf7-form init\" aria-label=\"Contact form\" novalidate=\"novalidate\" data-status=\"init\">\n<fieldset class=\"hidden-fields-container\"><input type=\"hidden\" name=\"_wpcf7\" value=\"8\" \/><input type=\"hidden\" name=\"_wpcf7_version\" value=\"6.1.2\" \/><input type=\"hidden\" name=\"_wpcf7_locale\" value=\"vi\" \/><input type=\"hidden\" name=\"_wpcf7_unit_tag\" value=\"wpcf7-f8-o1\" \/><input type=\"hidden\" name=\"_wpcf7_container_post\" value=\"0\" \/><input type=\"hidden\" name=\"_wpcf7_posted_data_hash\" value=\"\" \/>\n<\/fieldset>\n<div class=\"kan-contact-form\">\n\t<div class=\"kan-row\">\n\t\t<div class=\"kan-col\">\n\t\t\t<p><span class=\"wpcf7-form-control-wrap\" data-name=\"your-name\"><input size=\"40\" maxlength=\"400\" class=\"wpcf7-form-control wpcf7-text wpcf7-validates-as-required\" aria-required=\"true\" aria-invalid=\"false\" placeholder=\"Name\" value=\"\" type=\"text\" name=\"your-name\" \/><\/span>\n\t\t\t<\/p>\n\t\t<\/div>\n\t\t<div class=\"kan-col\">\n\t\t\t<p><span class=\"wpcf7-form-control-wrap\" data-name=\"your-email\"><input size=\"40\" maxlength=\"400\" class=\"wpcf7-form-control wpcf7-email wpcf7-validates-as-required wpcf7-text wpcf7-validates-as-email\" aria-required=\"true\" aria-invalid=\"false\" placeholder=\"Email\" value=\"\" type=\"email\" name=\"your-email\" \/><\/span>\n\t\t\t<\/p>\n\t\t<\/div>\n\t<\/div>\n\t<div class=\"kan-row\">\n\t\t<div class=\"kan-col\">\n\t\t\t<p><span class=\"wpcf7-form-control-wrap\" data-name=\"your-phone\"><input size=\"40\" maxlength=\"400\" class=\"wpcf7-form-control wpcf7-tel wpcf7-validates-as-required wpcf7-text wpcf7-validates-as-tel\" aria-required=\"true\" aria-invalid=\"false\" placeholder=\"Phone Number\" value=\"\" type=\"tel\" name=\"your-phone\" \/><\/span>\n\t\t\t<\/p>\n\t\t<\/div>\n\t\t<div class=\"kan-col\">\n\t\t\t<p><span class=\"wpcf7-form-control-wrap\" data-name=\"your-subject\"><input size=\"40\" maxlength=\"400\" class=\"wpcf7-form-control wpcf7-text wpcf7-validates-as-required\" aria-required=\"true\" aria-invalid=\"false\" placeholder=\"Subject\" value=\"\" type=\"text\" name=\"your-subject\" \/><\/span>\n\t\t\t<\/p>\n\t\t<\/div>\n\t<\/div>\n\t<div class=\"kan-full\">\n\t\t<p><span class=\"wpcf7-form-control-wrap\" data-name=\"your-service\"><select class=\"wpcf7-form-control wpcf7-select wpcf7-validates-as-required\" aria-required=\"true\" aria-invalid=\"false\" name=\"your-service\"><option value=\"\">&#8212;Please choose an option&#8212;<\/option><option value=\"SHIP MANAGEMENT\">SHIP MANAGEMENT<\/option><option value=\"INSPECTION &amp;\n COMPLIANCE EXPERTISE\">INSPECTION &amp;\n COMPLIANCE EXPERTISE<\/option><option value=\"MARINE\n WARRANTY SURVEY\">MARINE\n WARRANTY SURVEY<\/option><option value=\"MARINE TECHNICAL &amp;\n REPAIR SERVICES\">MARINE TECHNICAL &amp;\n REPAIR SERVICES<\/option><option value=\"TRAINING &amp;\n HR DEVELOPMENT\">TRAINING &amp;\n HR DEVELOPMENT<\/option><option value=\"DIGITAL SOLUTIONS\">DIGITAL SOLUTIONS<\/option><\/select><\/span>\n\t\t<\/p>\n\t<\/div>\n\t<div class=\"kan-full\">\n\t\t<p><span class=\"wpcf7-form-control-wrap\" data-name=\"your-message\"><textarea cols=\"40\" rows=\"10\" maxlength=\"2000\" class=\"wpcf7-form-control wpcf7-textarea wpcf7-validates-as-required\" aria-required=\"true\" aria-invalid=\"false\" placeholder=\"Message\" name=\"your-message\"><\/textarea><\/span>\n\t\t<\/p>\n\t<\/div>\n\t<div class=\"kan-full kan-submit\">\n\t\t<p><input class=\"wpcf7-form-control wpcf7-submit has-spinner\" type=\"submit\" value=\"SEND\" \/>\n\t\t<\/p>\n\t<\/div>\n<\/div><div class=\"wpcf7-response-output\" aria-hidden=\"true\"><\/div>\n<\/form>\n<\/div>\n\n\t\t<\/div>\n\t\t\t\t\n<style>\n#col-2015088710 > .col-inner {\n  padding: 30px 20px 0px 20px;\n}\n@media (min-width:550px) {\n  #col-2015088710 > .col-inner {\n    padding: 60px 50px 40px 50px;\n  }\n}\n<\/style>\n\t<\/div>\n\n\t\n<\/div>\n<div class=\"row row-collapse\"  id=\"row-1846598460\">\n\n\t<div id=\"col-154724283\" class=\"col p-0 pb-0 mb-0 small-12 large-12\"  >\n\t\t\t\t<div class=\"col-inner\"  >\n\t\t\t\n\t\t\t\n\n<p><iframe src=\"https:\/\/www.google.com\/maps\/embed?pb=!1m18!1m12!1m3!1d3261.6225818285902!2d33.37320831198689!3d35.166032272644294!2m3!1f0!2f0!3f0!3m2!1i1024!2i768!4f13.1!3m3!1m2!1s0x14de176664555c4f%3A0xfd29ed9de31f6598!2sMourouzi%2016%2C%20Nicosia%201056%2C%20Cyprus!5e0!3m2!1sen!2s!4v1761269149889!5m2!1sen!2s\" width=\"100%\" height=\"450\" style=\"border:0;\" allowfullscreen=\"\" loading=\"lazy\" referrerpolicy=\"no-referrer-when-downgrade\"><\/iframe><br \/>\n\n\t\t<\/div>\n\t\t\t\t\t<\/div>\n\n\t\n\n<style>\n#row-1846598460 > .col > .col-inner {\n  padding: 50px 0px 0px 0px;\n}\n<\/style>\n<\/div>\n\t\t<\/div>\n\n\t\t\n<style>\n#section_1825191594 {\n  padding-top: 50px;\n  padding-bottom: 50px;\n}\n@media (min-width:550px) {\n  #section_1825191594 {\n    padding-top: 120px;\n    padding-bottom: 120px;\n  }\n}\n<\/style>\n\t<\/section>\n\t\n","protected":false},"excerpt":{"rendered":"","protected":false},"author":1,"featured_media":0,"parent":0,"menu_order":0,"comment_status":"closed","ping_status":"closed","template":"page-blank.php","meta":{"footnotes":""},"class_list":["post-131","page","type-page","status-publish","hentry"],"acf":[],"yoast_head":"<!-- This site is optimized with the Yoast SEO plugin v26.2 - https:\/\/yoast.com\/wordpress\/plugins\/seo\/ -->\n<title>Li\u00ean h\u1ec7 - Sirtica VN Maritime Services Coporation<\/title>\n<meta name=\"robots\" content=\"index, follow, max-snippet:-1, max-image-preview:large, max-video-preview:-1\" \/>\n<link rel=\"canonical\" href=\"https:\/\/sirtica.com.vn\/vi\/lien-he\/\" \/>\n<meta property=\"og:locale\" content=\"vi_VN\" \/>\n<meta property=\"og:type\" content=\"article\" \/>\n<meta property=\"og:title\" content=\"Li\u00ean h\u1ec7 - Sirtica VN Maritime Services Coporation\" \/>\n<meta property=\"og:url\" content=\"https:\/\/sirtica.com.vn\/vi\/lien-he\/\" \/>\n<meta property=\"og:site_name\" content=\"Sirtica VN Maritime Services Coporation\" \/>\n<meta property=\"article:modified_time\" content=\"2025-11-24T23:28:57+00:00\" \/>\n<meta name=\"twitter:card\" content=\"summary_large_image\" \/>\n<meta name=\"twitter:label1\" content=\"Est. reading time\" \/>\n\t<meta name=\"twitter:data1\" content=\"1 minute\" \/>\n<script type=\"application\/ld+json\" class=\"yoast-schema-graph\">{\"@context\":\"https:\/\/schema.org\",\"@graph\":[{\"@type\":\"WebPage\",\"@id\":\"https:\/\/sirtica.com.vn\/vi\/lien-he\/\",\"url\":\"https:\/\/sirtica.com.vn\/vi\/lien-he\/\",\"name\":\"Li\u00ean h\u1ec7 - Sirtica VN Maritime Services Coporation\",\"isPartOf\":{\"@id\":\"https:\/\/sirtica.com.vn\/#website\"},\"datePublished\":\"2025-10-22T02:55:19+00:00\",\"dateModified\":\"2025-11-24T23:28:57+00:00\",\"breadcrumb\":{\"@id\":\"https:\/\/sirtica.com.vn\/vi\/lien-he\/#breadcrumb\"},\"inLanguage\":\"vi-VN\",\"potentialAction\":[{\"@type\":\"ReadAction\",\"target\":[\"https:\/\/sirtica.com.vn\/vi\/lien-he\/\"]}]},{\"@type\":\"BreadcrumbList\",\"@id\":\"https:\/\/sirtica.com.vn\/vi\/lien-he\/#breadcrumb\",\"itemListElement\":[{\"@type\":\"ListItem\",\"position\":1,\"name\":\"Trang ch\u1ee7\",\"item\":\"https:\/\/sirtica.com.vn\/vi\/\"},{\"@type\":\"ListItem\",\"position\":2,\"name\":\"Li\u00ean h\u1ec7\"}]},{\"@type\":\"WebSite\",\"@id\":\"https:\/\/sirtica.com.vn\/#website\",\"url\":\"https:\/\/sirtica.com.vn\/\",\"name\":\"Sirtica VN Maritime Services Coporation\",\"description\":\"\",\"potentialAction\":[{\"@type\":\"SearchAction\",\"target\":{\"@type\":\"EntryPoint\",\"urlTemplate\":\"https:\/\/sirtica.com.vn\/?s={search_term_string}\"},\"query-input\":{\"@type\":\"PropertyValueSpecification\",\"valueRequired\":true,\"valueName\":\"search_term_string\"}}],\"inLanguage\":\"vi-VN\"}]}<\/script>\n<!-- \/ Yoast SEO plugin. -->","yoast_head_json":{"title":"Li\u00ean h\u1ec7 - Sirtica VN Maritime Services Coporation","robots":{"index":"index","follow":"follow","max-snippet":"max-snippet:-1","max-image-preview":"max-image-preview:large","max-video-preview":"max-video-preview:-1"},"canonical":"https:\/\/sirtica.com.vn\/vi\/lien-he\/","og_locale":"vi_VN","og_type":"article","og_title":"Li\u00ean h\u1ec7 - Sirtica VN Maritime Services Coporation","og_url":"https:\/\/sirtica.com.vn\/vi\/lien-he\/","og_site_name":"Sirtica VN Maritime Services Coporation","article_modified_time":"2025-11-24T23:28:57+00:00","twitter_card":"summary_large_image","twitter_misc":{"Est. reading time":"1 minute"},"schema":{"@context":"https:\/\/schema.org","@graph":[{"@type":"WebPage","@id":"https:\/\/sirtica.com.vn\/vi\/lien-he\/","url":"https:\/\/sirtica.com.vn\/vi\/lien-he\/","name":"Li\u00ean h\u1ec7 - Sirtica VN Maritime Services Coporation","isPartOf":{"@id":"https:\/\/sirtica.com.vn\/#website"},"datePublished":"2025-10-22T02:55:19+00:00","dateModified":"2025-11-24T23:28:57+00:00","breadcrumb":{"@id":"https:\/\/sirtica.com.vn\/vi\/lien-he\/#breadcrumb"},"inLanguage":"vi-VN","potentialAction":[{"@type":"ReadAction","target":["https:\/\/sirtica.com.vn\/vi\/lien-he\/"]}]},{"@type":"BreadcrumbList","@id":"https:\/\/sirtica.com.vn\/vi\/lien-he\/#breadcrumb","itemListElement":[{"@type":"ListItem","position":1,"name":"Trang ch\u1ee7","item":"https:\/\/sirtica.com.vn\/vi\/"},{"@type":"ListItem","position":2,"name":"Li\u00ean h\u1ec7"}]},{"@type":"WebSite","@id":"https:\/\/sirtica.com.vn\/#website","url":"https:\/\/sirtica.com.vn\/","name":"Sirtica VN Maritime Services Coporation","description":"","potentialAction":[{"@type":"SearchAction","target":{"@type":"EntryPoint","urlTemplate":"https:\/\/sirtica.com.vn\/?s={search_term_string}"},"query-input":{"@type":"PropertyValueSpecification","valueRequired":true,"valueName":"search_term_string"}}],"inLanguage":"vi-VN"}]}},"_links":{"self":[{"href":"https:\/\/sirtica.com.vn\/vi\/wp-json\/wp\/v2\/pages\/131","targetHints":{"allow":["GET"]}}],"collection":[{"href":"https:\/\/sirtica.com.vn\/vi\/wp-json\/wp\/v2\/pages"}],"about":[{"href":"https:\/\/sirtica.com.vn\/vi\/wp-json\/wp\/v2\/types\/page"}],"author":[{"embeddable":true,"href":"https:\/\/sirtica.com.vn\/vi\/wp-json\/wp\/v2\/users\/1"}],"replies":[{"embeddable":true,"href":"https:\/\/sirtica.com.vn\/vi\/wp-json\/wp\/v2\/comments?post=131"}],"version-history":[{"count":20,"href":"https:\/\/sirtica.com.vn\/vi\/wp-json\/wp\/v2\/pages\/131\/revisions"}],"predecessor-version":[{"id":757,"href":"https:\/\/sirtica.com.vn\/vi\/wp-json\/wp\/v2\/pages\/131\/revisions\/757"}],"wp:attachment":[{"href":"https:\/\/sirtica.com.vn\/vi\/wp-json\/wp\/v2\/media?parent=131"}],"curies":[{"name":"wp","href":"https:\/\/api.w.org\/{rel}","templated":true}]}}