{"id":743,"date":"2025-11-24T18:53:18","date_gmt":"2025-11-24T18:53:18","guid":{"rendered":"https:\/\/sirticavn.kanbox.vn\/?page_id=743"},"modified":"2025-11-24T23:18:44","modified_gmt":"2025-11-24T23:18:44","slug":"doi-ngu-sirtica-viet-nam","status":"publish","type":"page","link":"https:\/\/sirtica.com.vn\/vi\/doi-ngu-sirtica-viet-nam\/","title":{"rendered":"\u0110\u1ed9i ng\u0169 Sirtica Viet Nam"},"content":{"rendered":"\n\t<section class=\"section\" id=\"section_480770865\">\n\t\t<div class=\"section-bg fill\" >\n\t\t\t<img loading=\"lazy\" decoding=\"async\" width=\"1919\" height=\"300\" src=\"https:\/\/sirtica.com.vn\/wp-content\/uploads\/2025\/10\/breadcrumb.jpg\" class=\"bg attachment-original size-original\" alt=\"\" \/>\t\t\t\t\t\t\n\t\t\t\n\n\t\t<\/div>\n\n\t\t\n\n\t\t<div class=\"section-content relative\">\n\t\t\t\n<div class=\"row\"  id=\"row-716834885\">\n\n\t<div id=\"col-1274450441\" class=\"col pb-0 medium-6 small-12 large-6\"  >\n\t\t\t\t<div class=\"col-inner\"  >\n\t\t\t\n\t\t\t\n\t<div id=\"text-2670727808\" class=\"text\">\n\t\t\n<h2>OUR TEAM<\/h2>\n\t\t\n<style>\n#text-2670727808 {\n  color: rgb(255,255,255);\n}\n#text-2670727808 > * {\n  color: rgb(255,255,255);\n}\n<\/style>\n\t<\/div>\n\t\n\t\t<div class=\"transpi__bacrumb-inner\">\n\t\t\t\t\n<ul>\n<li><a href=\"https:\/\/sirticavn.kanbox.vn\/vi\/\">Trang ch\u1ee7<\/a><\/li>\n<li>\u0110\u1ed9i ng\u0169 Sirtica Viet Nam<\/li>\n<\/ul>\n\t\t<\/div>\n\t\n\t\t<\/div>\n\t\t\t\t\t<\/div>\n\n\t\n<\/div>\n\t\t<\/div>\n\n\t\t\n<style>\n#section_480770865 {\n  padding-top: 70px;\n  padding-bottom: 70px;\n}\n@media (min-width:550px) {\n  #section_480770865 {\n    padding-top: 100px;\n    padding-bottom: 100px;\n  }\n}\n<\/style>\n\t<\/section>\n\t\n\t<div id=\"gap-265911434\" class=\"gap-element clearfix\" style=\"display:block; height:auto;\">\n\t\t\n<style>\n#gap-265911434 {\n  padding-top: 50px;\n}\n<\/style>\n\t<\/div>\n\t\n\n\t<section class=\"section\" id=\"section_1631002172\">\n\t\t<div class=\"section-bg fill\" >\n\t\t\t\t\t\t\t\t\t\n\t\t\t\n\n\t\t<\/div>\n\n\t\t\n\n\t\t<div class=\"section-content relative\">\n\t\t\t\n<div class=\"row\"  id=\"row-1875674922\">\n\n\t<div id=\"col-1276463255\" class=\"col small-12 large-12\"  >\n\t\t\t\t<div class=\"col-inner\"  >\n\t\t\t\n\t\t\t\n\n\t\t<div class=\"icon-box featured-box icon-box-left text-left\"  >\n\t\t\t\t\t<div class=\"icon-box-img\" style=\"width: 107px\">\n\t\t\t\t<div class=\"icon\">\n\t\t\t\t\t<div class=\"icon-inner\" >\n\t\t\t\t\t\t<img loading=\"lazy\" decoding=\"async\" width=\"300\" height=\"246\" src=\"https:\/\/sirtica.com.vn\/wp-content\/uploads\/2025\/10\/sirtica-png-1-300x246.png\" class=\"attachment-medium size-medium\" alt=\"\" srcset=\"https:\/\/sirtica.com.vn\/wp-content\/uploads\/2025\/10\/sirtica-png-1-300x246.png 300w, https:\/\/sirtica.com.vn\/wp-content\/uploads\/2025\/10\/sirtica-png-1-1024x840.png 1024w, https:\/\/sirtica.com.vn\/wp-content\/uploads\/2025\/10\/sirtica-png-1-768x630.png 768w, https:\/\/sirtica.com.vn\/wp-content\/uploads\/2025\/10\/sirtica-png-1.png 1323w\" sizes=\"auto, (max-width: 300px) 100vw, 300px\" \/>\t\t\t\t\t<\/div>\n\t\t\t\t<\/div>\n\t\t\t<\/div>\n\t\t\t\t<div class=\"icon-box-text last-reset\">\n\t\t\t\t\t\t\t\t\t\n<h3><strong>ANURAAG MAHESHWARI<\/strong><\/h3>\n<p>T\u1ed1t nghi\u1ec7p \u0110\u1ea1i h\u1ecdc MERI (Mumbai)<br \/>H\u01a1n 20 n\u0103m kinh nghi\u1ec7m trong ng\u00e0nh V\u1eadn t\u1ea3i bi\u1ec3n<\/p>\n\t\t<\/div>\n\t<\/div>\n\t\n\t\n\t<div id=\"gap-238840409\" class=\"gap-element clearfix\" style=\"display:block; height:auto;\">\n\t\t\n<style>\n#gap-238840409 {\n  padding-top: 30px;\n}\n<\/style>\n\t<\/div>\n\t\n<p>Anuraag Maheshwari (MERI, Mumbai) h\u1ed7 tr\u1ee3 \u0111\u1ed9i ng\u0169 k\u1ef9 thu\u1eadt c\u1ee7a ch\u00fang t\u00f4i t\u1eeb S\u00edp v\u00e0 Mumbai. V\u1edbi h\u01a1n 20 n\u0103m kinh nghi\u1ec7m trong l\u0129nh v\u1ef1c v\u1eadn t\u1ea3i bi\u1ec3n (Container, t\u00e0u ch\u1edf h\u00e0ng r\u1eddi, t\u00e0u ch\u1edf h\u00f3a ch\u1ea5t), \u00f4ng l\u00e0 m\u1ed9t nh\u00e0 l\u00e3nh \u0111\u1ea1o gi\u00e0u l\u00f2ng tr\u1eafc \u1ea9n, c\u00f3 t\u1ea7m nh\u00ecn xa, lu\u00f4n \u0111\u1ec1 cao tinh th\u1ea7n l\u00e0m vi\u1ec7c nh\u00f3m \u0111\u1ec3 &#8220;Bi\u1ebfn m\u1ecdi th\u1ee9 th\u00e0nh hi\u1ec7n th\u1ef1c&#8221;. \u00d4ng \u0111\u01b0\u1ee3c h\u1ed7 tr\u1ee3 b\u1edfi m\u1ed9t \u0111\u1ed9i ng\u0169 xu\u1ea5t s\u1eafc nh\u1ea5t trong l\u0129nh v\u1ef1c n\u00e0y.<\/p>\n\t\t<\/div>\n\t\t\t\t\t<\/div>\n\n\t\n\n\t<div id=\"col-1285535017\" class=\"col small-12 large-12\"  >\n\t\t\t\t<div class=\"col-inner\"  >\n\t\t\t\n\t\t\t\n\n\t\t<div class=\"icon-box featured-box icon-box-right text-right\"  >\n\t\t\t\t\t<div class=\"icon-box-img\" style=\"width: 107px\">\n\t\t\t\t<div class=\"icon\">\n\t\t\t\t\t<div class=\"icon-inner\" >\n\t\t\t\t\t\t<img loading=\"lazy\" decoding=\"async\" width=\"300\" height=\"246\" src=\"https:\/\/sirtica.com.vn\/wp-content\/uploads\/2025\/10\/sirtica-png-1-300x246.png\" class=\"attachment-medium size-medium\" alt=\"\" srcset=\"https:\/\/sirtica.com.vn\/wp-content\/uploads\/2025\/10\/sirtica-png-1-300x246.png 300w, https:\/\/sirtica.com.vn\/wp-content\/uploads\/2025\/10\/sirtica-png-1-1024x840.png 1024w, https:\/\/sirtica.com.vn\/wp-content\/uploads\/2025\/10\/sirtica-png-1-768x630.png 768w, https:\/\/sirtica.com.vn\/wp-content\/uploads\/2025\/10\/sirtica-png-1.png 1323w\" sizes=\"auto, (max-width: 300px) 100vw, 300px\" \/>\t\t\t\t\t<\/div>\n\t\t\t\t<\/div>\n\t\t\t<\/div>\n\t\t\t\t<div class=\"icon-box-text last-reset\">\n\t\t\t\t\t\t\t\t\t\n<h3><strong>\u00d4NG RAVI ADIBHATLA<\/strong><\/h3>\n<p>Gi\u00e1m \u0111\u1ed1c k\u1ef9 thu\u1eadt<br \/>H\u01a1n 30 n\u0103m kinh nghi\u1ec7m trong l\u0129nh v\u1ef1c H\u00e0ng h\u1ea3i<\/p>\n<div id=\"gtx-trans\" style=\"position: absolute; left: -1px; top: 44.5417px;\">\n<div class=\"gtx-trans-icon\">\u00a0<\/div>\n<\/div>\n\t\t<\/div>\n\t<\/div>\n\t\n\t\n\t<div id=\"gap-1918929126\" class=\"gap-element clearfix\" style=\"display:block; height:auto;\">\n\t\t\n<style>\n#gap-1918929126 {\n  padding-top: 30px;\n}\n<\/style>\n\t<\/div>\n\t\n\t<div id=\"text-3917355884\" class=\"text\">\n\t\t\n<p>Ravi Adibhatla, Gi\u00e1m \u0111\u1ed1c K\u1ef9 thu\u1eadt (S\u00edp), c\u00f3 h\u01a1n 30 n\u0103m kinh nghi\u1ec7m trong l\u0129nh v\u1ef1c h\u00e0ng h\u1ea3i. Tr\u01b0\u1edbc \u0111\u00e2y, \u00f4ng \u0111\u00e3 qu\u1ea3n l\u00fd vi\u1ec7c giao \u0111\u1ed9ng c\u01a1 nhi\u00ean li\u1ec7u k\u00e9p \u0111\u1ea7u ti\u00ean cho m\u1ed9t c\u00f4ng ty container l\u1edbn v\u00e0 \u0111\u01b0\u1ee3c bi\u1ebft \u0111\u1ebfn v\u1edbi chuy\u00ean m\u00f4n th\u1ef1c t\u1ebf, k\u1ef9 n\u0103ng giao ti\u1ebfp v\u00e0 kh\u1ea3 n\u0103ng th\u00edch \u1ee9ng cao.<\/p>\n\t\t\n<style>\n#text-3917355884 {\n  text-align: right;\n}\n<\/style>\n\t<\/div>\n\t\n\t\t<\/div>\n\t\t\t\t\t<\/div>\n\n\t\n\n\t<div id=\"col-155794454\" class=\"col small-12 large-12\"  >\n\t\t\t\t<div class=\"col-inner\"  >\n\t\t\t\n\t\t\t\n\n\t\t<div class=\"icon-box featured-box icon-box-left text-left\"  >\n\t\t\t\t\t<div class=\"icon-box-img\" style=\"width: 107px\">\n\t\t\t\t<div class=\"icon\">\n\t\t\t\t\t<div class=\"icon-inner\" >\n\t\t\t\t\t\t<img loading=\"lazy\" decoding=\"async\" width=\"300\" height=\"246\" src=\"https:\/\/sirtica.com.vn\/wp-content\/uploads\/2025\/10\/sirtica-png-1-300x246.png\" class=\"attachment-medium size-medium\" alt=\"\" srcset=\"https:\/\/sirtica.com.vn\/wp-content\/uploads\/2025\/10\/sirtica-png-1-300x246.png 300w, https:\/\/sirtica.com.vn\/wp-content\/uploads\/2025\/10\/sirtica-png-1-1024x840.png 1024w, https:\/\/sirtica.com.vn\/wp-content\/uploads\/2025\/10\/sirtica-png-1-768x630.png 768w, https:\/\/sirtica.com.vn\/wp-content\/uploads\/2025\/10\/sirtica-png-1.png 1323w\" sizes=\"auto, (max-width: 300px) 100vw, 300px\" \/>\t\t\t\t\t<\/div>\n\t\t\t\t<\/div>\n\t\t\t<\/div>\n\t\t\t\t<div class=\"icon-box-text last-reset\">\n\t\t\t\t\t\t\t\t\t\n<h3><strong>\u00d4NG NGUY\u1ec4N V\u0102N SOAN<\/strong><\/h3>\n<p>Tr\u01b0\u1edfng ph\u00f2ng Kh\u1ea3o s\u00e1t<br \/>15 n\u0103m kinh nghi\u1ec7m trong ng\u00e0nh h\u00e0ng h\u1ea3i v\u00e0 ngo\u00e0i kh\u01a1i<\/p>\n<div id=\"gtx-trans\" style=\"position: absolute; left: 35px; top: 44.5417px;\">\n<div class=\"gtx-trans-icon\">\u00a0<\/div>\n<\/div>\n\t\t<\/div>\n\t<\/div>\n\t\n\t\n\t<div id=\"gap-1837734085\" class=\"gap-element clearfix\" style=\"display:block; height:auto;\">\n\t\t\n<style>\n#gap-1837734085 {\n  padding-top: 30px;\n}\n<\/style>\n\t<\/div>\n\t\n<p>Nguy\u1ec5n V\u0103n So\u1ea1n, m\u1ed9t K\u1ef9 s\u01b0 H\u00e0ng h\u1ea3i v\u1edbi g\u1ea7n 15 n\u0103m kinh nghi\u1ec7m trong l\u0129nh v\u1ef1c h\u00e0ng h\u1ea3i\/ngo\u00e0i kh\u01a1i, chuy\u00ean v\u1ec1 kh\u1ea3o s\u00e1t H&#038;M\/P&#038;I, \u0111i\u1ec1u ch\u1ec9nh t\u1ed5n th\u1ea5t v\u00e0 Qu\u1ea3n l\u00fd D\u1ef1 \u00e1n\/MWS cho c\u00e1c d\u1ef1 \u00e1n x\u00e2y d\u1ef1ng v\u00e0 h\u00e0ng h\u00f3a d\u1ef1 \u00e1n t\u1ea1i \u0110\u00f4ng Nam \u00c1. Hi\u1ec7n t\u1ea1i, \u00f4ng \u0111ang t\u01b0 v\u1ea5n cho c\u00e1c d\u1ef1 \u00e1n \u0111i\u1ec7n gi\u00f3 g\u1ea7n b\u1edd.<\/p>\n\t\t<\/div>\n\t\t\t\t\t<\/div>\n\n\t\n\n\t<div id=\"col-1734023584\" class=\"col small-12 large-12\"  >\n\t\t\t\t<div class=\"col-inner\"  >\n\t\t\t\n\t\t\t\n\n\t\t<div class=\"icon-box featured-box icon-box-right text-right\"  >\n\t\t\t\t\t<div class=\"icon-box-img\" style=\"width: 107px\">\n\t\t\t\t<div class=\"icon\">\n\t\t\t\t\t<div class=\"icon-inner\" >\n\t\t\t\t\t\t<img loading=\"lazy\" decoding=\"async\" width=\"300\" height=\"246\" src=\"https:\/\/sirtica.com.vn\/wp-content\/uploads\/2025\/10\/sirtica-png-1-300x246.png\" class=\"attachment-medium size-medium\" alt=\"\" srcset=\"https:\/\/sirtica.com.vn\/wp-content\/uploads\/2025\/10\/sirtica-png-1-300x246.png 300w, https:\/\/sirtica.com.vn\/wp-content\/uploads\/2025\/10\/sirtica-png-1-1024x840.png 1024w, https:\/\/sirtica.com.vn\/wp-content\/uploads\/2025\/10\/sirtica-png-1-768x630.png 768w, https:\/\/sirtica.com.vn\/wp-content\/uploads\/2025\/10\/sirtica-png-1.png 1323w\" sizes=\"auto, (max-width: 300px) 100vw, 300px\" \/>\t\t\t\t\t<\/div>\n\t\t\t\t<\/div>\n\t\t\t<\/div>\n\t\t\t\t<div class=\"icon-box-text last-reset\">\n\t\t\t\t\t\t\t\t\t\n<h3><strong>\u00d4NG NGUY\u1ec4N V\u0102N S\u1ef8<\/strong><\/h3>\n<p>Tr\u01b0\u1edfng ph\u00f2ng Ki\u1ec3m \u0111\u1ecbnh<br \/>20 n\u0103m kinh nghi\u1ec7m chuy\u00ean s\u00e2u trong ng\u00e0nh h\u00e0ng h\u1ea3i<\/p>\n<div id=\"gtx-trans\" style=\"position: absolute; left: 5px; top: 44.5417px;\">\n<div class=\"gtx-trans-icon\">\u00a0<\/div>\n<\/div>\n\t\t<\/div>\n\t<\/div>\n\t\n\t\n\t<div id=\"gap-1348958483\" class=\"gap-element clearfix\" style=\"display:block; height:auto;\">\n\t\t\n<style>\n#gap-1348958483 {\n  padding-top: 30px;\n}\n<\/style>\n\t<\/div>\n\t\n\t<div id=\"text-619675208\" class=\"text\">\n\t\t\n<p>\u00d4ng Nguy\u1ec5n V\u0103n S\u1ef9 c\u00f3 h\u01a1n 20 n\u0103m kinh nghi\u1ec7m chuy\u00ean s\u00e2u trong ng\u00e0nh h\u00e0ng h\u1ea3i, b\u1eaft \u0111\u1ea7u s\u1ef1 nghi\u1ec7p tr\u00ean c\u00e1c t\u00e0u chuy\u00ean d\u1ee5ng, bao g\u1ed3m t\u00e0u \u200b\u200bch\u1edf LPG v\u00e0 t\u00e0u ch\u1edf d\u1ea7u\/h\u00f3a ch\u1ea5t, v\u1edbi c\u1ea5p b\u1eadc Thuy\u1ec1n tr\u01b0\u1edfng. Kinh nghi\u1ec7m h\u00e0ng h\u1ea3i d\u00e0y d\u1eb7n c\u1ee7a \u00f4ng l\u00e0 n\u1ec1n t\u1ea3ng v\u1eefng ch\u1eafc cho c\u00e1c vai tr\u00f2 l\u00e3nh \u0111\u1ea1o chi\u1ebfn l\u01b0\u1ee3c tr\u00ean b\u1edd.<\/p>\n\t\t\n<style>\n#text-619675208 {\n  text-align: right;\n}\n<\/style>\n\t<\/div>\n\t\n\t\t<\/div>\n\t\t\t\t\t<\/div>\n\n\t\n<\/div>\n<div class=\"row align-middle\"  id=\"row-1696342550\">\n\n\t<div id=\"col-394025580\" class=\"col medium-7 small-12 large-7\"  >\n\t\t\t\t<div class=\"col-inner\"  >\n\t\t\t\n\t\t\t\n<h2><strong>Kinh nghi\u1ec7m Qu\u1ea3n l\u00fd v\u00e0 V\u1eadn h\u00e0nh tr\u00ean b\u1edd:<\/strong><\/h2>\n<ul>\n<li>Vai tr\u00f2 Qu\u1ea3n l\u00fd Chi\u1ebfn l\u01b0\u1ee3c: \u0110\u00e3 t\u1eebng gi\u1eef c\u00e1c v\u1ecb tr\u00ed c\u1ea5p cao, bao g\u1ed3m Qu\u1ea3n l\u00fd \u0110\u1ed9i t\u00e0u C\u1ea5p cao, <\/li>\n<li>Tr\u00e1ch nhi\u1ec7m C\u1ed1t l\u00f5i: Ch\u1ecbu tr\u00e1ch nhi\u1ec7m thi\u1ebft l\u1eadp v\u00e0 duy tr\u00ec h\u1ec7 th\u1ed1ng qu\u1ea3n l\u00fd an to\u00e0n v\u00e0 an ninh cho \u0111\u1ed9i t\u00e0u, \u0111\u1ea3m b\u1ea3o tu\u00e2n th\u1ee7 tuy\u1ec7t \u0111\u1ed1i c\u00e1c quy \u0111\u1ecbnh v\u00e0 ti\u00eau chu\u1ea9n qu\u1ed1c t\u1ebf. <\/li>\n<li>Gi\u00e1m s\u00e1t V\u1eadn h\u00e0nh: Tr\u1ef1c ti\u1ebfp gi\u00e1m s\u00e1t ho\u1ea1t \u0111\u1ed9ng c\u1ee7a \u0111\u1ed9i t\u00e0u v\u00e0 qu\u1ea3n l\u00fd nh\u00e2n vi\u00ean c\u0169ng nh\u01b0 gi\u00e1m \u0111\u1ed1c trong b\u1ed9 ph\u1eadn, \u0111\u1ea3m b\u1ea3o hi\u1ec7u su\u1ea5t v\u00e0 k\u1ef7 lu\u1eadt v\u1eadn h\u00e0nh t\u1ed1i \u01b0u<\/li>\n<\/ul>\n\t\t<\/div>\n\t\t\t\t\t<\/div>\n\n\t\n\n\t<div id=\"col-683524567\" class=\"col medium-5 small-12 large-5\"  >\n\t\t\t\t<div class=\"col-inner\"  >\n\t\t\t\n\t\t\t\n\t<div class=\"img has-hover x md-x lg-x y md-y lg-y\" id=\"image_1266024197\">\n\t\t\t\t\t\t\t\t<div class=\"img-inner dark\" >\n\t\t\t<img loading=\"lazy\" decoding=\"async\" width=\"259\" height=\"193\" src=\"https:\/\/sirtica.com.vn\/wp-content\/uploads\/2025\/11\/z7255154819967_661f1e4e71a4adf43b9d560ec99c0e9d.jpg\" class=\"attachment-original size-original\" alt=\"\" \/>\t\t\t\t\t\t\n\t\t\t\t\t<\/div>\n\t\t\t\t\t\t\t\t\n<style>\n#image_1266024197 {\n  width: 100%;\n}\n<\/style>\n\t<\/div>\n\t\n\t\t<\/div>\n\t\t\t\t\t<\/div>\n\n\t\n<\/div>\n<div class=\"row\"  id=\"row-1953085357\">\n\n\t<div id=\"col-1359358052\" class=\"col small-12 large-12\"  >\n\t\t\t\t<div class=\"col-inner\"  >\n\t\t\t\n\t\t\t\n<h2><strong> Chuy\u00ean m\u00f4n K\u1ef9 thu\u1eadt v\u00e0 Tu\u00e2n th\u1ee7:<\/strong><\/h2>\n<ul>\n<li>C\u01a1 quan Ch\u1ee9ng nh\u1eadn: C\u00f3 kinh nghi\u1ec7m d\u00e0y d\u1eb7n trong vai tr\u00f2 Gi\u00e1m \u0111\u1ecbnh vi\u00ean C\u1ea5p b\u1eadc v\u00e0 Thanh tra vi\u00ean Qu\u1ed1c gia T\u00e0u mang c\u1edd. <\/li>\n<li>Ki\u1ec3m so\u00e1t Ki\u1ec3m tra: \u0110\u00e3 th\u1ef1c hi\u1ec7n th\u00e0nh c\u00f4ng c\u00e1c cu\u1ed9c ki\u1ec3m tra Ti\u1ec1n Ki\u1ec3m tra, \u0111\u00e1nh gi\u00e1 an to\u00e0n h\u00e0ng h\u1ea3i v\u00e0 ki\u1ec3m to\u00e1n ho\u1ea1t \u0111\u1ed9ng h\u00e0ng h\u00f3a. Chuy\u00ean m\u00f4n bao g\u1ed3m \u0111\u00e0o t\u1ea1o chuy\u00ean s\u00e2u cho thuy\u1ec1n vi\u00ean v\u00e0 \u0111\u00e1nh gi\u00e1 r\u1ee7i ro to\u00e0n di\u1ec7n. <\/li>\n<li>Li\u00ean l\u1ea1c v\u1edbi Ng\u00e0nh: Tr\u1ef1c ti\u1ebfp l\u00e0m vi\u1ec7c v\u1edbi nhi\u1ec1u c\u00f4ng ty n\u1ed9p \u0111\u01a1n v\u00e0 c\u00e1c T\u1eadp \u0111o\u00e0n D\u1ea7u kh\u00ed l\u1edbn \u0111\u1ec3 qu\u1ea3n l\u00fd th\u00e0nh c\u00f4ng c\u00e1c quy tr\u00ecnh Ki\u1ec3m tra SIRE 2.0, TMSA v\u00e0 CDI. <\/li>\n<li>C\u1ea3i ti\u1ebfn Li\u00ean t\u1ee5c: Cung c\u1ea5p h\u01b0\u1edbng d\u1eabn tr\u1ef1c ti\u1ebfp v\u1ec1 ho\u1ea1t \u0111\u1ed9ng an to\u00e0n cho c\u00e1c gi\u00e1m s\u00e1t vi\u00ean chuy\u00ean tr\u00e1ch v\u00e0 ch\u1ecbu tr\u00e1ch nhi\u1ec7m \u0111i\u1ec1u tra s\u1ef1 c\u1ed1 k\u1ef9 l\u01b0\u1ee1ng \u0111\u1ec3 th\u00fac \u0111\u1ea9y c\u00e1c h\u00e0nh \u0111\u1ed9ng kh\u1eafc ph\u1ee5c l\u00e2u d\u00e0i v\u00e0 c\u1ea3i ti\u1ebfn quy tr\u00ecnh. <\/li>\n<li>Ngo\u00e0i \u0111\u1ed9i ng\u0169 c\u1ed1t l\u00f5i, ch\u00fang t\u00f4i c\u00f2n \u0111\u01b0\u1ee3c h\u1ed7 tr\u1ee3 m\u1ea1nh m\u1ebd b\u1edfi m\u1ed9t m\u1ea1ng l\u01b0\u1edbi khu v\u1ef1c \u0111\u1ed9c quy\u1ec1n bao g\u1ed3m h\u01a1n 10 Thuy\u1ec1n tr\u01b0\u1edfng d\u00e0y d\u1ea1n kinh nghi\u1ec7m &#8211; Chuy\u00ean gia H\u00e0ng h\u1ea3i v\u00e0 h\u01a1n 5 Chuy\u00ean gia K\u1ef9 thu\u1eadt t\u1eadn t\u00e2m. \u0110\u1ed9i ng\u0169 chuy\u00ean gia tr\u00ecnh \u0111\u1ed9 cao h\u00f9ng h\u1eadu n\u00e0y c\u0169ng bao g\u1ed3m m\u1ed9t danh s\u00e1ch to\u00e0n di\u1ec7n c\u00e1c Chuy\u00ean gia \u0110\u00e1nh gi\u00e1 Cao c\u1ea5p trong nhi\u1ec1u l\u0129nh v\u1ef1c quan tr\u1ecdng: Ki\u1ec3m to\u00e1n, Gi\u00e1m \u0111\u1ecbnh, Kh\u1ea3o s\u00e1t v\u00e0 Kh\u1ea3o s\u00e1t B\u1ea3o h\u00e0nh H\u00e0ng h\u1ea3i (MWS). M\u1ea1ng l\u01b0\u1edbi r\u1ed9ng l\u1edbn n\u00e0y \u0111\u1ea3m b\u1ea3o n\u0103ng l\u1ef1c cung c\u1ea5p chuy\u00ean m\u00f4n chuy\u00ean s\u00e2u, c\u1ea5p cao v\u00e0 h\u1ed7 tr\u1ee3 nhanh ch\u00f3ng c\u1ee7a ch\u00fang t\u00f4i tr\u00ean to\u00e0n khu v\u1ef1c.<\/li>\n<\/ul>\n\t\t<\/div>\n\t\t\t\t\t<\/div>\n\n\t\n<\/div>\n\t\t<\/div>\n\n\t\t\n<style>\n#section_1631002172 {\n  padding-top: 30px;\n  padding-bottom: 30px;\n}\n<\/style>\n\t<\/section>\n\t\n","protected":false},"excerpt":{"rendered":"","protected":false},"author":1,"featured_media":0,"parent":0,"menu_order":0,"comment_status":"closed","ping_status":"closed","template":"page-blank.php","meta":{"footnotes":""},"class_list":["post-743","page","type-page","status-publish","hentry"],"acf":[],"yoast_head":"<!-- This site is optimized with the Yoast SEO plugin v26.2 - https:\/\/yoast.com\/wordpress\/plugins\/seo\/ -->\n<title>\u0110\u1ed9i ng\u0169 Sirtica Viet Nam - Sirtica VN Maritime Services Coporation<\/title>\n<meta name=\"robots\" content=\"index, follow, max-snippet:-1, max-image-preview:large, max-video-preview:-1\" \/>\n<link rel=\"canonical\" href=\"https:\/\/sirtica.com.vn\/vi\/doi-ngu-sirtica-viet-nam\/\" \/>\n<meta property=\"og:locale\" content=\"vi_VN\" \/>\n<meta property=\"og:type\" content=\"article\" \/>\n<meta property=\"og:title\" content=\"\u0110\u1ed9i ng\u0169 Sirtica Viet Nam - Sirtica VN Maritime Services Coporation\" \/>\n<meta property=\"og:url\" content=\"https:\/\/sirtica.com.vn\/vi\/doi-ngu-sirtica-viet-nam\/\" \/>\n<meta property=\"og:site_name\" content=\"Sirtica VN Maritime Services Coporation\" \/>\n<meta property=\"article:modified_time\" content=\"2025-11-24T23:18:44+00:00\" \/>\n<meta name=\"twitter:card\" content=\"summary_large_image\" \/>\n<script type=\"application\/ld+json\" class=\"yoast-schema-graph\">{\"@context\":\"https:\/\/schema.org\",\"@graph\":[{\"@type\":\"WebPage\",\"@id\":\"https:\/\/sirtica.com.vn\/vi\/doi-ngu-sirtica-viet-nam\/\",\"url\":\"https:\/\/sirtica.com.vn\/vi\/doi-ngu-sirtica-viet-nam\/\",\"name\":\"\u0110\u1ed9i ng\u0169 Sirtica Viet Nam - Sirtica VN Maritime Services Coporation\",\"isPartOf\":{\"@id\":\"https:\/\/sirtica.com.vn\/#website\"},\"datePublished\":\"2025-11-24T18:53:18+00:00\",\"dateModified\":\"2025-11-24T23:18:44+00:00\",\"breadcrumb\":{\"@id\":\"https:\/\/sirtica.com.vn\/vi\/doi-ngu-sirtica-viet-nam\/#breadcrumb\"},\"inLanguage\":\"vi-VN\",\"potentialAction\":[{\"@type\":\"ReadAction\",\"target\":[\"https:\/\/sirtica.com.vn\/vi\/doi-ngu-sirtica-viet-nam\/\"]}]},{\"@type\":\"BreadcrumbList\",\"@id\":\"https:\/\/sirtica.com.vn\/vi\/doi-ngu-sirtica-viet-nam\/#breadcrumb\",\"itemListElement\":[{\"@type\":\"ListItem\",\"position\":1,\"name\":\"Trang ch\u1ee7\",\"item\":\"https:\/\/sirtica.com.vn\/vi\/\"},{\"@type\":\"ListItem\",\"position\":2,\"name\":\"\u0110\u1ed9i ng\u0169 Sirtica Viet Nam\"}]},{\"@type\":\"WebSite\",\"@id\":\"https:\/\/sirtica.com.vn\/#website\",\"url\":\"https:\/\/sirtica.com.vn\/\",\"name\":\"Sirtica VN Maritime Services Coporation\",\"description\":\"\",\"potentialAction\":[{\"@type\":\"SearchAction\",\"target\":{\"@type\":\"EntryPoint\",\"urlTemplate\":\"https:\/\/sirtica.com.vn\/?s={search_term_string}\"},\"query-input\":{\"@type\":\"PropertyValueSpecification\",\"valueRequired\":true,\"valueName\":\"search_term_string\"}}],\"inLanguage\":\"vi-VN\"}]}<\/script>\n<!-- \/ Yoast SEO plugin. -->","yoast_head_json":{"title":"\u0110\u1ed9i ng\u0169 Sirtica Viet Nam - Sirtica VN Maritime Services Coporation","robots":{"index":"index","follow":"follow","max-snippet":"max-snippet:-1","max-image-preview":"max-image-preview:large","max-video-preview":"max-video-preview:-1"},"canonical":"https:\/\/sirtica.com.vn\/vi\/doi-ngu-sirtica-viet-nam\/","og_locale":"vi_VN","og_type":"article","og_title":"\u0110\u1ed9i ng\u0169 Sirtica Viet Nam - Sirtica VN Maritime Services Coporation","og_url":"https:\/\/sirtica.com.vn\/vi\/doi-ngu-sirtica-viet-nam\/","og_site_name":"Sirtica VN Maritime Services Coporation","article_modified_time":"2025-11-24T23:18:44+00:00","twitter_card":"summary_large_image","schema":{"@context":"https:\/\/schema.org","@graph":[{"@type":"WebPage","@id":"https:\/\/sirtica.com.vn\/vi\/doi-ngu-sirtica-viet-nam\/","url":"https:\/\/sirtica.com.vn\/vi\/doi-ngu-sirtica-viet-nam\/","name":"\u0110\u1ed9i ng\u0169 Sirtica Viet Nam - Sirtica VN Maritime Services Coporation","isPartOf":{"@id":"https:\/\/sirtica.com.vn\/#website"},"datePublished":"2025-11-24T18:53:18+00:00","dateModified":"2025-11-24T23:18:44+00:00","breadcrumb":{"@id":"https:\/\/sirtica.com.vn\/vi\/doi-ngu-sirtica-viet-nam\/#breadcrumb"},"inLanguage":"vi-VN","potentialAction":[{"@type":"ReadAction","target":["https:\/\/sirtica.com.vn\/vi\/doi-ngu-sirtica-viet-nam\/"]}]},{"@type":"BreadcrumbList","@id":"https:\/\/sirtica.com.vn\/vi\/doi-ngu-sirtica-viet-nam\/#breadcrumb","itemListElement":[{"@type":"ListItem","position":1,"name":"Trang ch\u1ee7","item":"https:\/\/sirtica.com.vn\/vi\/"},{"@type":"ListItem","position":2,"name":"\u0110\u1ed9i ng\u0169 Sirtica Viet Nam"}]},{"@type":"WebSite","@id":"https:\/\/sirtica.com.vn\/#website","url":"https:\/\/sirtica.com.vn\/","name":"Sirtica VN Maritime Services Coporation","description":"","potentialAction":[{"@type":"SearchAction","target":{"@type":"EntryPoint","urlTemplate":"https:\/\/sirtica.com.vn\/?s={search_term_string}"},"query-input":{"@type":"PropertyValueSpecification","valueRequired":true,"valueName":"search_term_string"}}],"inLanguage":"vi-VN"}]}},"_links":{"self":[{"href":"https:\/\/sirtica.com.vn\/vi\/wp-json\/wp\/v2\/pages\/743","targetHints":{"allow":["GET"]}}],"collection":[{"href":"https:\/\/sirtica.com.vn\/vi\/wp-json\/wp\/v2\/pages"}],"about":[{"href":"https:\/\/sirtica.com.vn\/vi\/wp-json\/wp\/v2\/types\/page"}],"author":[{"embeddable":true,"href":"https:\/\/sirtica.com.vn\/vi\/wp-json\/wp\/v2\/users\/1"}],"replies":[{"embeddable":true,"href":"https:\/\/sirtica.com.vn\/vi\/wp-json\/wp\/v2\/comments?post=743"}],"version-history":[{"count":2,"href":"https:\/\/sirtica.com.vn\/vi\/wp-json\/wp\/v2\/pages\/743\/revisions"}],"predecessor-version":[{"id":745,"href":"https:\/\/sirtica.com.vn\/vi\/wp-json\/wp\/v2\/pages\/743\/revisions\/745"}],"wp:attachment":[{"href":"https:\/\/sirtica.com.vn\/vi\/wp-json\/wp\/v2\/media?parent=743"}],"curies":[{"name":"wp","href":"https:\/\/api.w.org\/{rel}","templated":true}]}}